{"id":32,"date":"2021-09-14T21:39:43","date_gmt":"2021-09-15T02:39:43","guid":{"rendered":"https:\/\/capaz.com.co\/?page_id=32"},"modified":"2022-02-24T15:42:11","modified_gmt":"2022-02-24T20:42:11","slug":"articulacion","status":"publish","type":"page","link":"https:\/\/capaz.com.co\/en\/articulacion\/","title":{"rendered":"Articulaci\u00f3n"},"content":{"rendered":"<div data-elementor-type=\"wp-page\" data-elementor-id=\"32\" class=\"elementor elementor-32\">\n\t\t\t\t\t\t<section class=\"elementor-section elementor-top-section elementor-element elementor-element-0eeee67 elementor-section-full_width elementor-section-stretched elementor-section-height-default elementor-section-height-default\" data-id=\"0eeee67\" data-element_type=\"section\" data-e-type=\"section\" data-settings=\"{&quot;stretch_section&quot;:&quot;section-stretched&quot;,&quot;background_background&quot;:&quot;classic&quot;}\">\n\t\t\t\t\t\t<div class=\"elementor-container elementor-column-gap-default\">\n\t\t\t\t\t<div class=\"elementor-column elementor-col-100 elementor-top-column elementor-element elementor-element-8b2cce2\" data-id=\"8b2cce2\" data-element_type=\"column\" data-e-type=\"column\">\n\t\t\t<div class=\"elementor-widget-wrap elementor-element-populated\">\n\t\t\t\t\t\t<div class=\"elementor-element elementor-element-769bd1e animated-slow elementor-invisible elementor-widget elementor-widget-image\" data-id=\"769bd1e\" data-element_type=\"widget\" data-e-type=\"widget\" data-settings=\"{&quot;_animation&quot;:&quot;fadeIn&quot;,&quot;_animation_delay&quot;:900}\" data-widget_type=\"image.default\">\n\t\t\t\t<div class=\"elementor-widget-container\">\n\t\t\t\t\t\t\t\t\t\t\t\t\t\t\t<img fetchpriority=\"high\" decoding=\"async\" width=\"1685\" height=\"154\" src=\"https:\/\/i0.wp.com\/capaz.com.co\/wp-content\/uploads\/2021\/09\/DerFlecha.png?fit=1685%2C154&amp;ssl=1\" class=\"attachment-large size-large wp-image-133\" alt=\"\" srcset=\"https:\/\/i0.wp.com\/capaz.com.co\/wp-content\/uploads\/2021\/09\/DerFlecha.png?w=1685&amp;ssl=1 1685w, https:\/\/i0.wp.com\/capaz.com.co\/wp-content\/uploads\/2021\/09\/DerFlecha.png?resize=1536%2C140&amp;ssl=1 1536w\" sizes=\"(max-width: 1685px) 100vw, 1685px\" \/>\t\t\t\t\t\t\t\t\t\t\t\t\t\t\t<\/div>\n\t\t\t\t<\/div>\n\t\t\t\t<div class=\"elementor-element elementor-element-be82a61 animated-slow elementor-invisible elementor-widget elementor-widget-heading\" data-id=\"be82a61\" data-element_type=\"widget\" data-e-type=\"widget\" data-settings=\"{&quot;_animation&quot;:&quot;fadeIn&quot;,&quot;_animation_delay&quot;:1000}\" data-widget_type=\"heading.default\">\n\t\t\t\t<div class=\"elementor-widget-container\">\n\t\t\t\t\t<h2 class=\"elementor-heading-title elementor-size-default\">Articulaci\u00f3n<\/h2>\t\t\t\t<\/div>\n\t\t\t\t<\/div>\n\t\t\t\t<div class=\"elementor-element elementor-element-a75dbf9 animated-slow elementor-invisible elementor-widget elementor-widget-image\" data-id=\"a75dbf9\" data-element_type=\"widget\" data-e-type=\"widget\" data-settings=\"{&quot;_animation&quot;:&quot;fadeIn&quot;,&quot;_animation_delay&quot;:600}\" data-widget_type=\"image.default\">\n\t\t\t\t<div class=\"elementor-widget-container\">\n\t\t\t\t\t\t\t\t\t\t\t\t\t\t\t<img decoding=\"async\" width=\"1685\" height=\"154\" src=\"https:\/\/i0.wp.com\/capaz.com.co\/wp-content\/uploads\/2021\/09\/IzqFlecha.png?fit=1685%2C154&amp;ssl=1\" class=\"attachment-large size-large wp-image-134\" alt=\"\" srcset=\"https:\/\/i0.wp.com\/capaz.com.co\/wp-content\/uploads\/2021\/09\/IzqFlecha.png?w=1685&amp;ssl=1 1685w, https:\/\/i0.wp.com\/capaz.com.co\/wp-content\/uploads\/2021\/09\/IzqFlecha.png?resize=1536%2C140&amp;ssl=1 1536w\" sizes=\"(max-width: 1685px) 100vw, 1685px\" \/>\t\t\t\t\t\t\t\t\t\t\t\t\t\t\t<\/div>\n\t\t\t\t<\/div>\n\t\t\t\t<div class=\"elementor-element elementor-element-5d55bd4 animated-slow elementor-invisible elementor-widget elementor-widget-text-editor\" data-id=\"5d55bd4\" data-element_type=\"widget\" data-e-type=\"widget\" data-settings=\"{&quot;_animation&quot;:&quot;zoomIn&quot;,&quot;_animation_delay&quot;:700}\" data-widget_type=\"text-editor.default\">\n\t\t\t\t<div class=\"elementor-widget-container\">\n\t\t\t\t\t\t\t\t\t<p><span style=\"font-weight: 400;\">Los procesos de articulaci\u00f3n comprenden las actividades que expanden el conocimiento sobre el proyecto a otros sectores o comunidades. Desde nuestra metodolog\u00eda CaPAZ lo dividimos en cuatro frentes: desarrollo tecnol\u00f3gico, nuevo conocimiento, formaci\u00f3n de recurso humano y apropiaci\u00f3n social del conocimiento.\u00a0\u00a0<\/span><\/p>\t\t\t\t\t\t\t\t<\/div>\n\t\t\t\t<\/div>\n\t\t\t\t<section class=\"elementor-section elementor-inner-section elementor-element elementor-element-a20518a elementor-section-boxed elementor-section-height-default elementor-section-height-default\" data-id=\"a20518a\" data-element_type=\"section\" data-e-type=\"section\">\n\t\t\t\t\t\t<div class=\"elementor-container elementor-column-gap-default\">\n\t\t\t\t\t<div class=\"elementor-column elementor-col-50 elementor-inner-column elementor-element elementor-element-43707d3\" data-id=\"43707d3\" data-element_type=\"column\" data-e-type=\"column\" data-settings=\"{&quot;background_background&quot;:&quot;classic&quot;}\">\n\t\t\t<div class=\"elementor-widget-wrap elementor-element-populated\">\n\t\t\t\t\t\t<div class=\"elementor-element elementor-element-2bc0339 animated-slow elementor-invisible elementor-widget elementor-widget-image\" data-id=\"2bc0339\" data-element_type=\"widget\" data-e-type=\"widget\" data-settings=\"{&quot;_animation&quot;:&quot;zoomIn&quot;,&quot;_animation_delay&quot;:500}\" data-widget_type=\"image.default\">\n\t\t\t\t<div class=\"elementor-widget-container\">\n\t\t\t\t\t\t\t\t\t\t\t\t\t\t\t\t<a href=\"https:\/\/capaz.com.co\/en\/articulacion\/nuevo-conocimiento\/\">\n\t\t\t\t\t\t\t<img decoding=\"async\" width=\"1348\" height=\"899\" src=\"https:\/\/i0.wp.com\/capaz.com.co\/wp-content\/uploads\/2022\/02\/Asset-4-50.jpg?fit=1348%2C899&amp;ssl=1\" class=\"elementor-animation-grow attachment-large size-large wp-image-745\" alt=\"\" srcset=\"https:\/\/i0.wp.com\/capaz.com.co\/wp-content\/uploads\/2022\/02\/Asset-4-50.jpg?w=1348&amp;ssl=1 1348w, https:\/\/i0.wp.com\/capaz.com.co\/wp-content\/uploads\/2022\/02\/Asset-4-50.jpg?resize=18%2C12&amp;ssl=1 18w\" sizes=\"(max-width: 1348px) 100vw, 1348px\" \/>\t\t\t\t\t\t\t\t<\/a>\n\t\t\t\t\t\t\t\t\t\t\t\t\t\t\t<\/div>\n\t\t\t\t<\/div>\n\t\t\t\t<div class=\"elementor-element elementor-element-fedf7b3 animated-slow elementor-invisible elementor-widget elementor-widget-heading\" data-id=\"fedf7b3\" data-element_type=\"widget\" data-e-type=\"widget\" data-settings=\"{&quot;_animation&quot;:&quot;fadeIn&quot;,&quot;_animation_delay&quot;:1000}\" data-widget_type=\"heading.default\">\n\t\t\t\t<div class=\"elementor-widget-container\">\n\t\t\t\t\t<h2 class=\"elementor-heading-title elementor-size-default\">Nuevo conocimiento<\/h2>\t\t\t\t<\/div>\n\t\t\t\t<\/div>\n\t\t\t\t\t<\/div>\n\t\t<\/div>\n\t\t\t\t<div class=\"elementor-column elementor-col-50 elementor-inner-column elementor-element elementor-element-75a4043\" data-id=\"75a4043\" data-element_type=\"column\" data-e-type=\"column\">\n\t\t\t<div class=\"elementor-widget-wrap elementor-element-populated\">\n\t\t\t\t\t\t<div class=\"elementor-element elementor-element-6f92e06 animated-slow elementor-invisible elementor-widget elementor-widget-image\" data-id=\"6f92e06\" data-element_type=\"widget\" data-e-type=\"widget\" data-settings=\"{&quot;_animation&quot;:&quot;zoomIn&quot;,&quot;_animation_delay&quot;:1000}\" data-widget_type=\"image.default\">\n\t\t\t\t<div class=\"elementor-widget-container\">\n\t\t\t\t\t\t\t\t\t\t\t\t\t\t\t\t<a href=\"https:\/\/capaz.com.co\/en\/articulacion\/formacion-de-recurso-humano\/\">\n\t\t\t\t\t\t\t<img loading=\"lazy\" decoding=\"async\" width=\"1383\" height=\"922\" src=\"https:\/\/i0.wp.com\/capaz.com.co\/wp-content\/uploads\/2022\/02\/Asset-2-50.jpg?fit=1383%2C922&amp;ssl=1\" class=\"elementor-animation-grow attachment-large size-large wp-image-747\" alt=\"\" srcset=\"https:\/\/i0.wp.com\/capaz.com.co\/wp-content\/uploads\/2022\/02\/Asset-2-50.jpg?w=1383&amp;ssl=1 1383w, https:\/\/i0.wp.com\/capaz.com.co\/wp-content\/uploads\/2022\/02\/Asset-2-50.jpg?resize=18%2C12&amp;ssl=1 18w\" sizes=\"(max-width: 1383px) 100vw, 1383px\" \/>\t\t\t\t\t\t\t\t<\/a>\n\t\t\t\t\t\t\t\t\t\t\t\t\t\t\t<\/div>\n\t\t\t\t<\/div>\n\t\t\t\t<div class=\"elementor-element elementor-element-76286cf animated-slow elementor-invisible elementor-widget elementor-widget-heading\" data-id=\"76286cf\" data-element_type=\"widget\" data-e-type=\"widget\" data-settings=\"{&quot;_animation&quot;:&quot;fadeIn&quot;,&quot;_animation_delay&quot;:1000}\" data-widget_type=\"heading.default\">\n\t\t\t\t<div class=\"elementor-widget-container\">\n\t\t\t\t\t<h2 class=\"elementor-heading-title elementor-size-default\">Formaci\u00f3n de recurso humano<\/h2>\t\t\t\t<\/div>\n\t\t\t\t<\/div>\n\t\t\t\t\t<\/div>\n\t\t<\/div>\n\t\t\t\t\t<\/div>\n\t\t<\/section>\n\t\t\t\t<section class=\"elementor-section elementor-inner-section elementor-element elementor-element-15628a1 elementor-section-boxed elementor-section-height-default elementor-section-height-default\" data-id=\"15628a1\" data-element_type=\"section\" data-e-type=\"section\">\n\t\t\t\t\t\t<div class=\"elementor-container elementor-column-gap-default\">\n\t\t\t\t\t<div class=\"elementor-column elementor-col-50 elementor-inner-column elementor-element elementor-element-9b85e42\" data-id=\"9b85e42\" data-element_type=\"column\" data-e-type=\"column\">\n\t\t\t<div class=\"elementor-widget-wrap elementor-element-populated\">\n\t\t\t\t\t\t<div class=\"elementor-element elementor-element-1e12052 animated-slow elementor-invisible elementor-widget elementor-widget-image\" data-id=\"1e12052\" data-element_type=\"widget\" data-e-type=\"widget\" data-settings=\"{&quot;_animation&quot;:&quot;zoomIn&quot;,&quot;_animation_delay&quot;:1500}\" data-widget_type=\"image.default\">\n\t\t\t\t<div class=\"elementor-widget-container\">\n\t\t\t\t\t\t\t\t\t\t\t\t\t\t\t\t<a href=\"https:\/\/capaz.com.co\/en\/articulacion\/apropiacion-social-del-conocimiento\/\">\n\t\t\t\t\t\t\t<img loading=\"lazy\" decoding=\"async\" width=\"1554\" height=\"1036\" src=\"https:\/\/i0.wp.com\/capaz.com.co\/wp-content\/uploads\/2022\/02\/Asset-1-50.jpg?fit=1554%2C1036&amp;ssl=1\" class=\"elementor-animation-grow attachment-large size-large wp-image-748\" alt=\"\" srcset=\"https:\/\/i0.wp.com\/capaz.com.co\/wp-content\/uploads\/2022\/02\/Asset-1-50.jpg?w=1554&amp;ssl=1 1554w, https:\/\/i0.wp.com\/capaz.com.co\/wp-content\/uploads\/2022\/02\/Asset-1-50.jpg?resize=1536%2C1024&amp;ssl=1 1536w, https:\/\/i0.wp.com\/capaz.com.co\/wp-content\/uploads\/2022\/02\/Asset-1-50.jpg?resize=18%2C12&amp;ssl=1 18w\" sizes=\"(max-width: 1554px) 100vw, 1554px\" \/>\t\t\t\t\t\t\t\t<\/a>\n\t\t\t\t\t\t\t\t\t\t\t\t\t\t\t<\/div>\n\t\t\t\t<\/div>\n\t\t\t\t<div class=\"elementor-element elementor-element-d7b2d74 animated-slow elementor-invisible elementor-widget elementor-widget-heading\" data-id=\"d7b2d74\" data-element_type=\"widget\" data-e-type=\"widget\" data-settings=\"{&quot;_animation&quot;:&quot;fadeIn&quot;,&quot;_animation_delay&quot;:1000}\" data-widget_type=\"heading.default\">\n\t\t\t\t<div class=\"elementor-widget-container\">\n\t\t\t\t\t<h2 class=\"elementor-heading-title elementor-size-default\">Apropiacion social del conocimiento<\/h2>\t\t\t\t<\/div>\n\t\t\t\t<\/div>\n\t\t\t\t\t<\/div>\n\t\t<\/div>\n\t\t\t\t<div class=\"elementor-column elementor-col-50 elementor-inner-column elementor-element elementor-element-5ed531b\" data-id=\"5ed531b\" data-element_type=\"column\" data-e-type=\"column\">\n\t\t\t<div class=\"elementor-widget-wrap elementor-element-populated\">\n\t\t\t\t\t\t<div class=\"elementor-element elementor-element-585f743 animated-slow elementor-invisible elementor-widget elementor-widget-image\" data-id=\"585f743\" data-element_type=\"widget\" data-e-type=\"widget\" data-settings=\"{&quot;_animation&quot;:&quot;zoomIn&quot;,&quot;_animation_delay&quot;:2000}\" data-widget_type=\"image.default\">\n\t\t\t\t<div class=\"elementor-widget-container\">\n\t\t\t\t\t\t\t\t\t\t\t\t\t\t\t\t<a href=\"https:\/\/capaz.com.co\/en\/articulacion\/desarrolo-techonologico-de-innovacion\/\">\n\t\t\t\t\t\t\t<img loading=\"lazy\" decoding=\"async\" width=\"1418\" height=\"946\" src=\"https:\/\/i0.wp.com\/capaz.com.co\/wp-content\/uploads\/2022\/02\/Asset-3-50.jpg?fit=1418%2C946&amp;ssl=1\" class=\"elementor-animation-grow attachment-large size-large wp-image-746\" alt=\"\" srcset=\"https:\/\/i0.wp.com\/capaz.com.co\/wp-content\/uploads\/2022\/02\/Asset-3-50.jpg?w=1418&amp;ssl=1 1418w, https:\/\/i0.wp.com\/capaz.com.co\/wp-content\/uploads\/2022\/02\/Asset-3-50.jpg?resize=18%2C12&amp;ssl=1 18w\" sizes=\"(max-width: 1418px) 100vw, 1418px\" \/>\t\t\t\t\t\t\t\t<\/a>\n\t\t\t\t\t\t\t\t\t\t\t\t\t\t\t<\/div>\n\t\t\t\t<\/div>\n\t\t\t\t<div class=\"elementor-element elementor-element-37ee9c9 animated-slow elementor-invisible elementor-widget elementor-widget-heading\" data-id=\"37ee9c9\" data-element_type=\"widget\" data-e-type=\"widget\" data-settings=\"{&quot;_animation&quot;:&quot;fadeIn&quot;,&quot;_animation_delay&quot;:1000}\" data-widget_type=\"heading.default\">\n\t\t\t\t<div class=\"elementor-widget-container\">\n\t\t\t\t\t<h2 class=\"elementor-heading-title elementor-size-default\">Desarrollo tecnol\u00f3gico e innovaci\u00f3n<\/h2>\t\t\t\t<\/div>\n\t\t\t\t<\/div>\n\t\t\t\t\t<\/div>\n\t\t<\/div>\n\t\t\t\t\t<\/div>\n\t\t<\/section>\n\t\t\t\t\t<\/div>\n\t\t<\/div>\n\t\t\t\t\t<\/div>\n\t\t<\/section>\n\t\t\t\t<\/div>","protected":false},"excerpt":{"rendered":"<p>Articulaci\u00f3n Los procesos de articulaci\u00f3n comprenden las actividades que expanden el conocimiento sobre el proyecto a otros sectores o comunidades. Desde nuestra metodolog\u00eda CaPAZ lo dividimos en cuatro frentes: desarrollo tecnol\u00f3gico, nuevo conocimiento, formaci\u00f3n de recurso humano y apropiaci\u00f3n social del conocimiento.\u00a0\u00a0 Nuevo conocimiento Formaci\u00f3n de recurso humano Apropiacion social del conocimiento Desarrollo tecnol\u00f3gico e [&hellip;]<\/p>\n","protected":false},"author":1,"featured_media":0,"parent":0,"menu_order":0,"comment_status":"closed","ping_status":"closed","template":"","meta":{"_acf_changed":false,"nf_dc_page":"","footnotes":""},"class_list":["post-32","page","type-page","status-publish","hentry"],"acf":[],"jetpack_sharing_enabled":true,"_links":{"self":[{"href":"https:\/\/capaz.com.co\/en\/wp-json\/wp\/v2\/pages\/32","targetHints":{"allow":["GET"]}}],"collection":[{"href":"https:\/\/capaz.com.co\/en\/wp-json\/wp\/v2\/pages"}],"about":[{"href":"https:\/\/capaz.com.co\/en\/wp-json\/wp\/v2\/types\/page"}],"author":[{"embeddable":true,"href":"https:\/\/capaz.com.co\/en\/wp-json\/wp\/v2\/users\/1"}],"replies":[{"embeddable":true,"href":"https:\/\/capaz.com.co\/en\/wp-json\/wp\/v2\/comments?post=32"}],"version-history":[{"count":5,"href":"https:\/\/capaz.com.co\/en\/wp-json\/wp\/v2\/pages\/32\/revisions"}],"predecessor-version":[{"id":803,"href":"https:\/\/capaz.com.co\/en\/wp-json\/wp\/v2\/pages\/32\/revisions\/803"}],"wp:attachment":[{"href":"https:\/\/capaz.com.co\/en\/wp-json\/wp\/v2\/media?parent=32"}],"curies":[{"name":"wp","href":"https:\/\/api.w.org\/{rel}","templated":true}]}}