{"id":146,"date":"2021-09-15T10:01:41","date_gmt":"2021-09-15T15:01:41","guid":{"rendered":"https:\/\/capaz.com.co\/?page_id=146"},"modified":"2022-03-30T22:43:11","modified_gmt":"2022-03-31T03:43:11","slug":"formacion-de-recurso-humano","status":"publish","type":"page","link":"https:\/\/capaz.com.co\/en\/articulacion\/formacion-de-recurso-humano\/","title":{"rendered":"Formaci\u00f3n de recurso humano"},"content":{"rendered":"<div data-elementor-type=\"wp-page\" data-elementor-id=\"146\" class=\"elementor elementor-146\">\n\t\t\t\t\t\t<section class=\"elementor-section elementor-top-section elementor-element elementor-element-7ec68a1 elementor-section-stretched elementor-section-boxed elementor-section-height-default elementor-section-height-default\" data-id=\"7ec68a1\" data-element_type=\"section\" data-e-type=\"section\" data-settings=\"{&quot;stretch_section&quot;:&quot;section-stretched&quot;,&quot;background_background&quot;:&quot;classic&quot;}\">\n\t\t\t\t\t\t<div class=\"elementor-container elementor-column-gap-default\">\n\t\t\t\t\t<div class=\"elementor-column elementor-col-100 elementor-top-column elementor-element elementor-element-8f4a0d2\" data-id=\"8f4a0d2\" data-element_type=\"column\" data-e-type=\"column\">\n\t\t\t<div class=\"elementor-widget-wrap elementor-element-populated\">\n\t\t\t\t\t\t<div class=\"elementor-element elementor-element-7877771 elementor-widget elementor-widget-heading\" data-id=\"7877771\" data-element_type=\"widget\" data-e-type=\"widget\" data-widget_type=\"heading.default\">\n\t\t\t\t<div class=\"elementor-widget-container\">\n\t\t\t\t\t<h2 class=\"elementor-heading-title elementor-size-default\">Formaci\u00f3n de recurso humano<\/h2>\t\t\t\t<\/div>\n\t\t\t\t<\/div>\n\t\t\t\t<div class=\"elementor-element elementor-element-3e01e99 elementor-widget elementor-widget-text-editor\" data-id=\"3e01e99\" data-element_type=\"widget\" data-e-type=\"widget\" data-widget_type=\"text-editor.default\">\n\t\t\t\t<div class=\"elementor-widget-container\">\n\t\t\t\t\t\t\t\t\t<p class=\"p1\">A trav\u00e9s de este curso estudiantes, docentes e investigadores aprender\u00e1n c\u00f3mo se desarrolla una investigaci\u00f3n con t\u00e9cnicas de big data desde las ciencias sociales.\u00a0<\/p>\t\t\t\t\t\t\t\t<\/div>\n\t\t\t\t<\/div>\n\t\t\t\t<div class=\"elementor-element elementor-element-dc07cd3 elementor-view-default elementor-widget elementor-widget-icon\" data-id=\"dc07cd3\" data-element_type=\"widget\" data-e-type=\"widget\" data-widget_type=\"icon.default\">\n\t\t\t\t<div class=\"elementor-widget-container\">\n\t\t\t\t\t\t\t<div class=\"elementor-icon-wrapper\">\n\t\t\t<a class=\"elementor-icon\" href=\"#One\">\n\t\t\t<i aria-hidden=\"true\" class=\"auxicon2 auxicon2-arrow-chevron-fat-down\"><\/i>\t\t\t<\/a>\n\t\t<\/div>\n\t\t\t\t\t\t<\/div>\n\t\t\t\t<\/div>\n\t\t\t\t\t<\/div>\n\t\t<\/div>\n\t\t\t\t\t<\/div>\n\t\t<\/section>\n\t\t\t\t<section class=\"elementor-section elementor-top-section elementor-element elementor-element-49c6de0 elementor-section-full_width elementor-section-stretched elementor-section-height-default elementor-section-height-default\" data-id=\"49c6de0\" data-element_type=\"section\" data-e-type=\"section\" data-settings=\"{&quot;stretch_section&quot;:&quot;section-stretched&quot;,&quot;background_background&quot;:&quot;classic&quot;}\">\n\t\t\t\t\t\t<div class=\"elementor-container elementor-column-gap-default\">\n\t\t\t\t\t<div class=\"elementor-column elementor-col-100 elementor-top-column elementor-element elementor-element-ef135c2\" data-id=\"ef135c2\" data-element_type=\"column\" data-e-type=\"column\">\n\t\t\t<div class=\"elementor-widget-wrap elementor-element-populated\">\n\t\t\t\t\t\t<section class=\"elementor-section elementor-inner-section elementor-element elementor-element-5871f1f elementor-section-boxed elementor-section-height-default elementor-section-height-default\" data-id=\"5871f1f\" data-element_type=\"section\" data-e-type=\"section\">\n\t\t\t\t\t\t<div class=\"elementor-container elementor-column-gap-default\">\n\t\t\t\t\t<div class=\"elementor-column elementor-col-100 elementor-inner-column elementor-element elementor-element-df7e22d\" data-id=\"df7e22d\" data-element_type=\"column\" data-e-type=\"column\">\n\t\t\t<div class=\"elementor-widget-wrap\">\n\t\t\t\t\t\t\t<\/div>\n\t\t<\/div>\n\t\t\t\t\t<\/div>\n\t\t<\/section>\n\t\t\t\t\t<\/div>\n\t\t<\/div>\n\t\t\t\t\t<\/div>\n\t\t<\/section>\n\t\t\t\t<\/div>","protected":false},"excerpt":{"rendered":"<p>Formaci\u00f3n de recurso humano A trav\u00e9s de este curso estudiantes, docentes e investigadores aprender\u00e1n c\u00f3mo se desarrolla una investigaci\u00f3n con t\u00e9cnicas de big data desde las ciencias sociales.\u00a0 \u00a0Desarrollo tecnol\u00f3gico y apropiaci\u00f3n social del conocimiento \u00a0An\u00e1lisis de datos y creaci\u00f3n narrativa T\u00e9cnicas de extracci\u00f3n de datos\u00a0\u00a0 \u00a0Fundamentos de un proyecto de investigaci\u00f3n en Big Data:<\/p>","protected":false},"author":1,"featured_media":0,"parent":32,"menu_order":0,"comment_status":"closed","ping_status":"closed","template":"","meta":{"_acf_changed":false,"nf_dc_page":"","footnotes":""},"class_list":["post-146","page","type-page","status-publish","hentry"],"acf":[],"jetpack_sharing_enabled":true,"_links":{"self":[{"href":"https:\/\/capaz.com.co\/en\/wp-json\/wp\/v2\/pages\/146","targetHints":{"allow":["GET"]}}],"collection":[{"href":"https:\/\/capaz.com.co\/en\/wp-json\/wp\/v2\/pages"}],"about":[{"href":"https:\/\/capaz.com.co\/en\/wp-json\/wp\/v2\/types\/page"}],"author":[{"embeddable":true,"href":"https:\/\/capaz.com.co\/en\/wp-json\/wp\/v2\/users\/1"}],"replies":[{"embeddable":true,"href":"https:\/\/capaz.com.co\/en\/wp-json\/wp\/v2\/comments?post=146"}],"version-history":[{"count":5,"href":"https:\/\/capaz.com.co\/en\/wp-json\/wp\/v2\/pages\/146\/revisions"}],"predecessor-version":[{"id":903,"href":"https:\/\/capaz.com.co\/en\/wp-json\/wp\/v2\/pages\/146\/revisions\/903"}],"up":[{"embeddable":true,"href":"https:\/\/capaz.com.co\/en\/wp-json\/wp\/v2\/pages\/32"}],"wp:attachment":[{"href":"https:\/\/capaz.com.co\/en\/wp-json\/wp\/v2\/media?parent=146"}],"curies":[{"name":"wp","href":"https:\/\/api.w.org\/{rel}","templated":true}]}}