{"id":144,"date":"2021-09-15T10:01:22","date_gmt":"2021-09-15T15:01:22","guid":{"rendered":"https:\/\/capaz.com.co\/?page_id=144"},"modified":"2022-02-24T15:41:17","modified_gmt":"2022-02-24T20:41:17","slug":"nuevo-conocimiento","status":"publish","type":"page","link":"https:\/\/capaz.com.co\/en\/articulacion\/nuevo-conocimiento\/","title":{"rendered":"Nuevo conocimiento"},"content":{"rendered":"<div data-elementor-type=\"wp-page\" data-elementor-id=\"144\" class=\"elementor elementor-144\">\n\t\t\t\t\t\t<section class=\"elementor-section elementor-top-section elementor-element elementor-element-240b404 elementor-section-stretched elementor-section-boxed elementor-section-height-default elementor-section-height-default\" data-id=\"240b404\" data-element_type=\"section\" data-e-type=\"section\" data-settings=\"{&quot;stretch_section&quot;:&quot;section-stretched&quot;,&quot;background_background&quot;:&quot;classic&quot;}\">\n\t\t\t\t\t\t<div class=\"elementor-container elementor-column-gap-default\">\n\t\t\t\t\t<div class=\"elementor-column elementor-col-100 elementor-top-column elementor-element elementor-element-fdfbc9e\" data-id=\"fdfbc9e\" data-element_type=\"column\" data-e-type=\"column\">\n\t\t\t<div class=\"elementor-widget-wrap elementor-element-populated\">\n\t\t\t\t\t\t<div class=\"elementor-element elementor-element-1649644 elementor-widget elementor-widget-heading\" data-id=\"1649644\" data-element_type=\"widget\" data-e-type=\"widget\" data-widget_type=\"heading.default\">\n\t\t\t\t<div class=\"elementor-widget-container\">\n\t\t\t\t\t<h2 class=\"elementor-heading-title elementor-size-default\">Nuevo Conocimiento <\/h2>\t\t\t\t<\/div>\n\t\t\t\t<\/div>\n\t\t\t\t<div class=\"elementor-element elementor-element-c896a9c elementor-widget elementor-widget-text-editor\" data-id=\"c896a9c\" data-element_type=\"widget\" data-e-type=\"widget\" data-widget_type=\"text-editor.default\">\n\t\t\t\t<div class=\"elementor-widget-container\">\n\t\t\t\t\t\t\t\t\t<p><span style=\"font-weight: 400;\">A trav\u00e9s de los productos de nuevo conocimiento se pueden socializar y retroalimentar los procesos de investigaci\u00f3n con la comunidad cient\u00edfica, a trav\u00e9s de dos esferas principales: los eventos cient\u00edficos y las publicaciones.\u00a0<\/span><\/p><p><span style=\"font-weight: 400;\">Los eventos cient\u00edficos incluyen ponencias, conferencias y otros espacios de di\u00e1logo; las publicaciones pueden ser art\u00edculos o libros de investigaci\u00f3n que den cuenta del proceso y\/o los resultados obtenidos en el transcurso del proyecto.\u00a0<\/span><\/p><p><span style=\"font-weight: 400;\">En nuestro proyecto RUTAS creamos 3 art\u00edculos y un libro de investigaci\u00f3n, que puedes consultar aqu\u00ed. <\/span><\/p>\t\t\t\t\t\t\t\t<\/div>\n\t\t\t\t<\/div>\n\t\t\t\t<div class=\"elementor-element elementor-element-6dc62e3 elementor-view-default elementor-widget elementor-widget-icon\" data-id=\"6dc62e3\" data-element_type=\"widget\" data-e-type=\"widget\" data-widget_type=\"icon.default\">\n\t\t\t\t<div class=\"elementor-widget-container\">\n\t\t\t\t\t\t\t<div class=\"elementor-icon-wrapper\">\n\t\t\t<a class=\"elementor-icon\" href=\"#One\">\n\t\t\t<i aria-hidden=\"true\" class=\"auxicon2 auxicon2-arrow-chevron-fat-down\"><\/i>\t\t\t<\/a>\n\t\t<\/div>\n\t\t\t\t\t\t<\/div>\n\t\t\t\t<\/div>\n\t\t\t\t\t<\/div>\n\t\t<\/div>\n\t\t\t\t\t<\/div>\n\t\t<\/section>\n\t\t\t\t<section class=\"elementor-section elementor-top-section elementor-element elementor-element-4d33bb8 elementor-section-full_width elementor-section-stretched elementor-section-height-default elementor-section-height-default\" data-id=\"4d33bb8\" data-element_type=\"section\" data-e-type=\"section\" id=\"One\" data-settings=\"{&quot;stretch_section&quot;:&quot;section-stretched&quot;,&quot;background_background&quot;:&quot;classic&quot;}\">\n\t\t\t\t\t\t<div class=\"elementor-container elementor-column-gap-default\">\n\t\t\t\t\t<div class=\"elementor-column elementor-col-100 elementor-top-column elementor-element elementor-element-1a77378\" data-id=\"1a77378\" data-element_type=\"column\" data-e-type=\"column\">\n\t\t\t<div class=\"elementor-widget-wrap elementor-element-populated\">\n\t\t\t\t\t\t<section class=\"elementor-section elementor-inner-section elementor-element elementor-element-ea3f310 elementor-section-boxed elementor-section-height-default elementor-section-height-default\" data-id=\"ea3f310\" data-element_type=\"section\" data-e-type=\"section\">\n\t\t\t\t\t\t<div class=\"elementor-container elementor-column-gap-default\">\n\t\t\t\t\t<div class=\"elementor-column elementor-col-100 elementor-inner-column elementor-element elementor-element-e56786e\" data-id=\"e56786e\" data-element_type=\"column\" data-e-type=\"column\">\n\t\t\t<div class=\"elementor-widget-wrap\">\n\t\t\t\t\t\t\t<\/div>\n\t\t<\/div>\n\t\t\t\t\t<\/div>\n\t\t<\/section>\n\t\t\t\t\t<\/div>\n\t\t<\/div>\n\t\t\t\t\t<\/div>\n\t\t<\/section>\n\t\t\t\t<\/div>","protected":false},"excerpt":{"rendered":"<p>Nuevo Conocimiento A trav\u00e9s de los productos de nuevo conocimiento se pueden socializar y retroalimentar los procesos de investigaci\u00f3n con la comunidad cient\u00edfica, a trav\u00e9s de dos esferas principales: los eventos cient\u00edficos y las publicaciones.\u00a0 Los eventos cient\u00edficos incluyen ponencias, conferencias y otros espacios de di\u00e1logo; las publicaciones pueden ser art\u00edculos o libros de investigaci\u00f3n [&hellip;]<\/p>\n","protected":false},"author":1,"featured_media":0,"parent":32,"menu_order":0,"comment_status":"closed","ping_status":"closed","template":"","meta":{"_acf_changed":false,"nf_dc_page":"","footnotes":""},"class_list":["post-144","page","type-page","status-publish","hentry"],"acf":[],"jetpack_sharing_enabled":true,"_links":{"self":[{"href":"https:\/\/capaz.com.co\/en\/wp-json\/wp\/v2\/pages\/144","targetHints":{"allow":["GET"]}}],"collection":[{"href":"https:\/\/capaz.com.co\/en\/wp-json\/wp\/v2\/pages"}],"about":[{"href":"https:\/\/capaz.com.co\/en\/wp-json\/wp\/v2\/types\/page"}],"author":[{"embeddable":true,"href":"https:\/\/capaz.com.co\/en\/wp-json\/wp\/v2\/users\/1"}],"replies":[{"embeddable":true,"href":"https:\/\/capaz.com.co\/en\/wp-json\/wp\/v2\/comments?post=144"}],"version-history":[{"count":5,"href":"https:\/\/capaz.com.co\/en\/wp-json\/wp\/v2\/pages\/144\/revisions"}],"predecessor-version":[{"id":797,"href":"https:\/\/capaz.com.co\/en\/wp-json\/wp\/v2\/pages\/144\/revisions\/797"}],"up":[{"embeddable":true,"href":"https:\/\/capaz.com.co\/en\/wp-json\/wp\/v2\/pages\/32"}],"wp:attachment":[{"href":"https:\/\/capaz.com.co\/en\/wp-json\/wp\/v2\/media?parent=144"}],"curies":[{"name":"wp","href":"https:\/\/api.w.org\/{rel}","templated":true}]}}